{"id":93,"date":"2014-08-29T10:04:55","date_gmt":"2014-08-29T08:04:55","guid":{"rendered":"https:\/\/www.karlsschuetzengilde.de\/?page_id=93"},"modified":"2025-02-03T17:27:23","modified_gmt":"2025-02-03T16:27:23","slug":"sponsoren","status":"publish","type":"page","link":"https:\/\/www.karlsschuetzengilde.de\/?page_id=93","title":{"rendered":"Sponsoren"},"content":{"rendered":"<p><strong>Vielen Dank<\/strong><strong>, dass Sie sich als Unterst\u00fctzer f\u00fcr die Karlssch\u00fctzen-Gilde interessieren!<\/strong><\/p>\n<p>Wenn Sie uns mit einer Spende unterst\u00fctzen und uns bei der Erhaltung der Tradition des Sch\u00fctzenwesens helfen wollen, wenden Sie sich gerne an unseren <a href=\"https:\/\/www.karlsschuetzengilde.de\/?page_id=6519\">F\u00f6rderverein<\/a> oder lassen Sie uns unverbindlich eine Spende zukommen.<\/p>\n<p>Unsere Bankverbindung lautet:<br \/>\nSparkasse Aachen<br \/>\nIBAN: DE76 3905 0000 0000 0643 03<br \/>\nBIC: AACSDE33XXX<br \/>\nTeilen Sie unserer Gesch\u00e4ftsstelle bitte anschlie\u00dfend unter <a href=\"mailto:karlsschuetzen@web.de\">karlsschuetzen@web.de<\/a> Ihre Daten (Name\/Firmenname und Anschrift) mit, damit wir Ihnen eine Spendenquittung zukommen lassen k\u00f6nnen. F\u00fcr Werbungen (Bandenwerbung, Printmedien, Internet) nehmen Sie bitte ebenfalls Kontakt mit unserer Gesch\u00e4ftsstelle auf.<\/p>\n<p>Gerne k\u00f6nnen Sie sich auch ein pers\u00f6nliches Bild von der Gilde machen. Vereinbaren Sie dazu einen Termin zum Besuch unseres Trainings.<\/p>\n<p>Hier k\u00f6nnte Ihr Logo zu sehen sein!<\/p>","protected":false},"excerpt":{"rendered":"<p>Vielen Dank, dass Sie sich als Unterst\u00fctzer f\u00fcr die Karlssch\u00fctzen-Gilde interessieren! Wenn Sie uns mit einer Spende unterst\u00fctzen und uns bei der Erhaltung der Tradition des Sch\u00fctzenwesens helfen wollen, wenden Sie sich gerne an unseren F\u00f6rderverein oder lassen Sie uns unverbindlich eine Spende zukommen. Unsere Bankverbindung lautet: Sparkasse Aachen IBAN: DE76 3905 0000 0000 0643 [&hellip;]<\/p>\n","protected":false},"author":1,"featured_media":0,"parent":0,"menu_order":12,"comment_status":"closed","ping_status":"closed","template":"","meta":{"ngg_post_thumbnail":0,"footnotes":""},"class_list":["post-93","page","type-page","status-publish","hentry"],"_links":{"self":[{"href":"https:\/\/www.karlsschuetzengilde.de\/index.php?rest_route=\/wp\/v2\/pages\/93","targetHints":{"allow":["GET"]}}],"collection":[{"href":"https:\/\/www.karlsschuetzengilde.de\/index.php?rest_route=\/wp\/v2\/pages"}],"about":[{"href":"https:\/\/www.karlsschuetzengilde.de\/index.php?rest_route=\/wp\/v2\/types\/page"}],"author":[{"embeddable":true,"href":"https:\/\/www.karlsschuetzengilde.de\/index.php?rest_route=\/wp\/v2\/users\/1"}],"replies":[{"embeddable":true,"href":"https:\/\/www.karlsschuetzengilde.de\/index.php?rest_route=%2Fwp%2Fv2%2Fcomments&post=93"}],"version-history":[{"count":13,"href":"https:\/\/www.karlsschuetzengilde.de\/index.php?rest_route=\/wp\/v2\/pages\/93\/revisions"}],"predecessor-version":[{"id":8827,"href":"https:\/\/www.karlsschuetzengilde.de\/index.php?rest_route=\/wp\/v2\/pages\/93\/revisions\/8827"}],"wp:attachment":[{"href":"https:\/\/www.karlsschuetzengilde.de\/index.php?rest_route=%2Fwp%2Fv2%2Fmedia&parent=93"}],"curies":[{"name":"wp","href":"https:\/\/api.w.org\/{rel}","templated":true}]}}