{"id":6105,"date":"2018-03-26T17:49:07","date_gmt":"2018-03-26T15:49:07","guid":{"rendered":"https:\/\/www.karlsschuetzengilde.de\/?page_id=6105"},"modified":"2023-01-30T11:40:50","modified_gmt":"2023-01-30T10:40:50","slug":"gewehr-pistole","status":"publish","type":"page","link":"https:\/\/www.karlsschuetzengilde.de\/?page_id=6105","title":{"rendered":"Gewehr \/ Pistole"},"content":{"rendered":"<p><strong>Rheinlandliga Luftgewehr Auflage Saison 2022\/23<\/strong><\/p>\n<p><strong>Erster Wettkampftag auf heimischem Stand<\/strong><\/p>\n<p>Am 30. Oktober 2022 begann f\u00fcr die Auflagesch\u00fctzen der Karlssch\u00fctzen-Gilde die neue Saison mit einem Staffeltag auf dem heimischen Schie\u00dfstand. F\u00fcr die Mannschaft hatten sich die Sch\u00fctzinnen und Sch\u00fctzen Hildegard Mehlkopf (Setzergebnis 298,67 Ringe), Artur Kreus (298,00), Hubert Lenoir (297,33), Horst B\u00e4r (296,67) und Michaela B\u00e4r (ohne Setzergebnis) qualifiziert. In zwei Wettk\u00e4mpfen galt es, die Grundlage zum Klassenerhalt zu legen.<\/p>\n<p>Es begann um 11 Uhr mit dem Kampf gegen den Lokalrivalen SpSch Merkstein. Nach einem packenden Wettstreit konnten sich die Karlssch\u00fctzen mit 4:1 Punkten durchsetzen. An Platz eins ging der Punkt mit 298:299 Ringen an Dieter Mingers, was Artur Kreus an zwei mit 299:295 Ringen gegen Resi Mingers ausglich. Hubert Lenoir musste nach 298:298 Ringen gegen Leo Tape\u00dfer ins Stechen und holte den Punkt mit 9, 10, 10 gegen 9, 10, 9. An vier und f\u00fcnf lie\u00dfen die B\u00e4rs ihren Gegnern mit jeweils 300 Ringen keine Chance. Rolf Monius und Birgit Wiggers blieben mit 299 und 297 Ringen zur\u00fcck<\/p>\n<p>Im letzten Wettkampf des Tages wartete die Mannschaft des SSV Bad Breisig. Gegen Markus Strang (299) hatte Hildegard Mehlkopf mit 298 Ringen keine Chance. Ebenso unterlagen Artur Kreus (297) gegen Miriam Beu (298), Hubert Lenoir (296) gegen Rolf Wegener (300) und Horst B\u00e4r (299) gegen Michaela Gr\u00f6ff (300). Lediglich Michela B\u00e4r setzte sich mit 300 Ringen gegen Thomas Pieper (298) durch.<\/p>\n<p>Damit brachte der erste Wettkampftag mit 2:2 Mannschafts- und 5:5 Einzelpunkten sowie Platz f\u00fcnf in der Gesamtwertung ein f\u00fcr die Gilde letztlich zufrieden stellendes Ergebnis.<\/p>\n<p><strong>Ausw\u00e4rts in Xanten <\/strong><\/p>\n<p>Schon eine Woche sp\u00e4ter stand der Ausw\u00e4rtstermin in Xanten an. Als Aufsteiger hatten die SpSch St. Viktor Xanten nur einen kleinen Wettkampftag, f\u00fcr die Gilde also nur einen Wettkampf. Gegner waren dann auch die Xantener, die sich bereits am ersten Wettkampftag gegen die SpSch Merkstein und den SSV Bad Breisig durchsetzen konnten.<\/p>\n<p>Aufgrund der oben beschriebenen Ergebnisse ergab sich eine neue Setzliste mit Michaela B\u00e4r (300), Horst B\u00e4r (300), Hildegard Mehlkopf (298), Artur Kreus (298) und Hubert Lenoir (297). Michael B\u00e4r hatte an eins einen schlechten Tag, an dem 295:299 gegen Wilfried Welbers nicht zum Punktgewinn reichten. Horst B\u00e4r setzte sich an zwei mit 300:298 gegen Hannelore Rosenboom durch und holte den Punkt f\u00fcr die Gilde. Hildegard Mehlkopf (299), Artur Kreus (297) und Hubert Lenoir (295) hatten gegen Ralf V\u00f6llings, Irene Meckl und J\u00fcrgen Koenen, die jeweils 300 Ringe ablieferten, keine Chance. Der Wettkampf ging damit erwartungsgem\u00e4\u00df verloren.<\/p>\n<p><strong>Ausw\u00e4rts in D\u00fcsseldorf-Bilk<\/strong><\/p>\n<p>Eine Woche sp\u00e4ter standen die beiden n\u00e4chsten Herausforderungen an. In D\u00fcsseldorf ging es zuerst gegen sie SSGem Emmerich-Rees. Michaela B\u00e4r an zwei und Hubert Lenoir an vier konnten die beiden Punkte f\u00fcr die Gilde mit 299:297 und 294:292 sichern. Die \u00fcbrigen Punkte (Horst B\u00e4r 299:300), Hildegard Mehlkopf (299:300) und Artur Kreus (294:298) gingen leider an die Gegner, sodass die Karlssch\u00fctzen mit 2:3 unterlagen.&nbsp;<\/p>\n<p>Im letzten Wettkampf des Tages wurden wir dann von den St. Sebastianus Sch\u00fctzen aus D\u00fcsseldorf-Bilk herausgefordert. Auch hier hie\u00df es 3:2, aber diesmal zugunsten der Gildesch\u00fctzen. Horst B\u00e4r (300:299), Michaela B\u00e4r (300:297) und Artur Kreus (297:294) sicherten das Ergebnis ab. Hildegard Mehlkopf musste sich mit 298:300 ebenso geschlagen geben wie Hubert Lenoir mit 297:298.<\/p>\n<p>Nach f\u00fcnf von sieben Wettk\u00e4mpfen belegt die Mannschaft Platz sechs von acht mit 4:6 Mannschafts- und 11:14 Einzelpunkten.<\/p>\n<p><strong>Ausw\u00e4rts in Essen<\/strong><\/p>\n<p>Ende Januar stand der letzte Wettkampftag auf dem Plan. Wir mussten im Leistungszentrum Essen antreten. Erster Gegner waren die Sportsch\u00fctzen aus Burg Altenwied, wie in den letzten Jahren Tabellenf\u00fchrer der Rheinlandliga Auflage.&nbsp;<br>Erwartungsgem\u00e4\u00df konnten wir uns nicht durchsetzen. Erfreulicherweise schaffte es der an f\u00fcnf gesetzte Hubert Lenior, mit seiner Gegnerin gleichzuziehen. Im Stechen setzte er sich dann mit dem vierten Stechschuss (10:9) durch und sicherte uns zumindest einen Punkt, sodass wir mit 4:1 unterlagen.<\/p>\n<p>Im letzten Wettkampf wurden wir vom Gastgeber,&nbsp; dem ABSV Essen-Bergeborbeck, gefordert. In einem spannenden Wettkampf unterlagen wir ungl\u00fccklich im Stechen an Platz drei. Damit ging dieser Wettkampf mit 3:2 verloren.<\/p>\n<p>die Saison konnten wir somit mit 04 : 08 Mannschafts- und 12 : 18 Einzelpunkten&nbsp; auf einem sicheren 6. Platz beenden. Relegationswettk\u00e4mpfe sind f\u00fcr uns nicht erforderlich. Ich bedanke mich bei allen in der Mannschaft aktiven Sch\u00fctzinnen und Sch\u00fctzen und nat\u00fcrlich auch bei unserem Trainer f\u00fcr ihren Einsatz.<\/p>\n<p>JM<\/p>\n<p><!--StartFragment--><\/p>\n<p><!--EndFragment--><\/p>\n\n\n<p><br><\/p>","protected":false},"excerpt":{"rendered":"<p>Rheinlandliga Luftgewehr Auflage Saison 2022\/23 Erster Wettkampftag auf heimischem Stand Am 30. Oktober 2022 begann f\u00fcr die Auflagesch\u00fctzen der Karlssch\u00fctzen-Gilde die neue Saison mit einem Staffeltag auf dem heimischen Schie\u00dfstand. F\u00fcr die Mannschaft hatten sich die Sch\u00fctzinnen und Sch\u00fctzen Hildegard Mehlkopf (Setzergebnis 298,67 Ringe), Artur Kreus (298,00), Hubert Lenoir (297,33), Horst B\u00e4r (296,67) und Michaela [&hellip;]<\/p>\n","protected":false},"author":8,"featured_media":0,"parent":61,"menu_order":0,"comment_status":"closed","ping_status":"closed","template":"","meta":{"ngg_post_thumbnail":0,"footnotes":""},"class_list":["post-6105","page","type-page","status-publish","hentry"],"_links":{"self":[{"href":"https:\/\/www.karlsschuetzengilde.de\/index.php?rest_route=\/wp\/v2\/pages\/6105","targetHints":{"allow":["GET"]}}],"collection":[{"href":"https:\/\/www.karlsschuetzengilde.de\/index.php?rest_route=\/wp\/v2\/pages"}],"about":[{"href":"https:\/\/www.karlsschuetzengilde.de\/index.php?rest_route=\/wp\/v2\/types\/page"}],"author":[{"embeddable":true,"href":"https:\/\/www.karlsschuetzengilde.de\/index.php?rest_route=\/wp\/v2\/users\/8"}],"replies":[{"embeddable":true,"href":"https:\/\/www.karlsschuetzengilde.de\/index.php?rest_route=%2Fwp%2Fv2%2Fcomments&post=6105"}],"version-history":[{"count":12,"href":"https:\/\/www.karlsschuetzengilde.de\/index.php?rest_route=\/wp\/v2\/pages\/6105\/revisions"}],"predecessor-version":[{"id":8367,"href":"https:\/\/www.karlsschuetzengilde.de\/index.php?rest_route=\/wp\/v2\/pages\/6105\/revisions\/8367"}],"up":[{"embeddable":true,"href":"https:\/\/www.karlsschuetzengilde.de\/index.php?rest_route=\/wp\/v2\/pages\/61"}],"wp:attachment":[{"href":"https:\/\/www.karlsschuetzengilde.de\/index.php?rest_route=%2Fwp%2Fv2%2Fmedia&parent=6105"}],"curies":[{"name":"wp","href":"https:\/\/api.w.org\/{rel}","templated":true}]}}