{"id":4187,"date":"2017-06-04T15:52:14","date_gmt":"2017-06-04T13:52:14","guid":{"rendered":"https:\/\/www.karlsschuetzengilde.de\/?page_id=4187"},"modified":"2025-09-15T13:36:59","modified_gmt":"2025-09-15T11:36:59","slug":"tradition","status":"publish","type":"page","link":"https:\/\/www.karlsschuetzengilde.de\/?page_id=4187","title":{"rendered":"Brauchtum"},"content":{"rendered":"<p><a href=\"https:\/\/www.karlsschuetzengilde.de\/?page_id=3101\">Majest\u00e4ten<\/a><\/p>\n\n<p><strong>Deutscher Sch\u00fctzentag 2019 in Wernigerode<\/strong><br>Eine Handvoll Trachtentr\u00e4ger der Karlssch\u00fctzen-Gilde nahm vom 26.4.-28.4.19 am 61.Deutschen Sch\u00fctzentag in Wernigerode im Harz des Landessch\u00fctzenverbandes Sachsen-Anhalt teil.<br>Nach der Ankunft im Hotel erkundete die Truppe bei bedecktem Himmel die Stadt Wernigerode und den Festplatz. Um 21.30 Uhr fand auf dem Marktplatz der gro\u00dfe Zapfenstreich im Beisein der Honorationen statt. Ein Salut \/ Ehrenzug flankiert mit Fackeltr\u00e4gern und Salutsch\u00fcssen beendete diesen festlichen Abend auf dem Marktplatz. Die Trachtentr\u00e4ger zog es zum Ausklang des Tages noch in den gem\u00fctlichen Ratskeller.<br>Am Samstagmorgen fand der Einzug der Fahnenabordnungen ins Festzelt statt.&nbsp;Wir, die Karlssch\u00fctzen-Gilde, trugen das Banner des Rheinischen Sch\u00fctzenbundes.&nbsp;Danach hatten wir Gelegenheit, bei Sonnenschein das Schloss Wenigerode zu besichtigen.<br>Um 14.30 Uhr startete der Festumzug mit ca. 20 Kapellen durch Wernigerode. Viele schaulustige Besucher s\u00e4umten den Weg zum Festzelt und bewunderten die tollen Trachten und Fahnen der verschiedenen Vereine. Um 20.00 Uhr fand der Bundessch\u00fctzenball mit der Proklamation des Bundessch\u00fctzenk\u00f6nigs und des Bundesjugendk\u00f6nigs statt. Der Tag endete um 24.00 Uhr mit dem Harzer H\u00f6henfeuerwerk.<br>Am Sonntag nach dem Fr\u00fchst\u00fcck fand die Heimreise statt.<\/p>\n<p>Ein Video des Festzuges ist unter <a href=\"https:\/\/www.youtube.com\/watch?v=e7gtvdWtJ2k\">https:\/\/www.youtube.com\/watch?v=e7gtvdWtJ2k<\/a> zu sehen.<\/p>\n<p>&nbsp;<\/p>\n<p>&nbsp;<\/p>\n<p>&nbsp;<\/p>\n<p>&nbsp;<\/p>\n\n\n<p><\/p>","protected":false},"excerpt":{"rendered":"<p>Majest\u00e4ten Deutscher Sch\u00fctzentag 2019 in WernigerodeEine Handvoll Trachtentr\u00e4ger der Karlssch\u00fctzen-Gilde nahm vom 26.4.-28.4.19 am 61.Deutschen Sch\u00fctzentag in Wernigerode im Harz des Landessch\u00fctzenverbandes Sachsen-Anhalt teil.Nach der Ankunft im Hotel erkundete die Truppe bei bedecktem Himmel die Stadt Wernigerode und den Festplatz. Um 21.30 Uhr fand auf dem Marktplatz der gro\u00dfe Zapfenstreich im Beisein der Honorationen statt. [&hellip;]<\/p>\n","protected":false},"author":8,"featured_media":0,"parent":0,"menu_order":3,"comment_status":"closed","ping_status":"closed","template":"","meta":{"ngg_post_thumbnail":0,"footnotes":""},"class_list":["post-4187","page","type-page","status-publish","hentry"],"_links":{"self":[{"href":"https:\/\/www.karlsschuetzengilde.de\/index.php?rest_route=\/wp\/v2\/pages\/4187","targetHints":{"allow":["GET"]}}],"collection":[{"href":"https:\/\/www.karlsschuetzengilde.de\/index.php?rest_route=\/wp\/v2\/pages"}],"about":[{"href":"https:\/\/www.karlsschuetzengilde.de\/index.php?rest_route=\/wp\/v2\/types\/page"}],"author":[{"embeddable":true,"href":"https:\/\/www.karlsschuetzengilde.de\/index.php?rest_route=\/wp\/v2\/users\/8"}],"replies":[{"embeddable":true,"href":"https:\/\/www.karlsschuetzengilde.de\/index.php?rest_route=%2Fwp%2Fv2%2Fcomments&post=4187"}],"version-history":[{"count":45,"href":"https:\/\/www.karlsschuetzengilde.de\/index.php?rest_route=\/wp\/v2\/pages\/4187\/revisions"}],"predecessor-version":[{"id":8849,"href":"https:\/\/www.karlsschuetzengilde.de\/index.php?rest_route=\/wp\/v2\/pages\/4187\/revisions\/8849"}],"wp:attachment":[{"href":"https:\/\/www.karlsschuetzengilde.de\/index.php?rest_route=%2Fwp%2Fv2%2Fmedia&parent=4187"}],"curies":[{"name":"wp","href":"https:\/\/api.w.org\/{rel}","templated":true}]}}